{"id":552,"date":"2023-10-25T06:22:55","date_gmt":"2023-10-25T06:22:55","guid":{"rendered":"https:\/\/ekronconsulting.com\/?page_id=552"},"modified":"2023-10-25T06:28:00","modified_gmt":"2023-10-25T06:28:00","slug":"privacy-policy","status":"publish","type":"page","link":"https:\/\/ekronconsulting.com\/?page_id=552","title":{"rendered":"Privacy Policy"},"content":{"rendered":"\t\t<div data-elementor-type=\"wp-page\" data-elementor-id=\"552\" class=\"elementor elementor-552\" data-elementor-post-type=\"page\">\n\t\t\t\t\t\t<section class=\"elementor-section elementor-top-section elementor-element elementor-element-2e80f1d elementor-section-boxed elementor-section-height-default elementor-section-height-default\" data-id=\"2e80f1d\" data-element_type=\"section\" data-settings=\"{&quot;jet_parallax_layout_list&quot;:[]}\">\n\t\t\t\t\t\t<div class=\"elementor-container elementor-column-gap-default\">\n\t\t\t\t\t<div class=\"elementor-column elementor-col-100 elementor-top-column elementor-element elementor-element-c90bed6\" data-id=\"c90bed6\" data-element_type=\"column\">\n\t\t\t<div class=\"elementor-widget-wrap elementor-element-populated\">\n\t\t\t\t\t\t<div class=\"elementor-element elementor-element-0ecb82b elementor-widget elementor-widget-spacer\" data-id=\"0ecb82b\" data-element_type=\"widget\" data-widget_type=\"spacer.default\">\n\t\t\t\t<div class=\"elementor-widget-container\">\n\t\t\t\t\t\t\t<div class=\"elementor-spacer\">\n\t\t\t<div class=\"elementor-spacer-inner\"><\/div>\n\t\t<\/div>\n\t\t\t\t\t\t<\/div>\n\t\t\t\t<\/div>\n\t\t\t\t<div class=\"elementor-element elementor-element-c062913 elementor-widget elementor-widget-heading\" data-id=\"c062913\" data-element_type=\"widget\" data-widget_type=\"heading.default\">\n\t\t\t\t<div class=\"elementor-widget-container\">\n\t\t\t\t\t<h2 class=\"elementor-heading-title elementor-size-default\">Privacy Policy<\/h2>\t\t\t\t<\/div>\n\t\t\t\t<\/div>\n\t\t\t\t<div class=\"elementor-element elementor-element-10cd4fa elementor-widget elementor-widget-spacer\" data-id=\"10cd4fa\" data-element_type=\"widget\" data-widget_type=\"spacer.default\">\n\t\t\t\t<div class=\"elementor-widget-container\">\n\t\t\t\t\t\t\t<div class=\"elementor-spacer\">\n\t\t\t<div class=\"elementor-spacer-inner\"><\/div>\n\t\t<\/div>\n\t\t\t\t\t\t<\/div>\n\t\t\t\t<\/div>\n\t\t\t\t<div class=\"elementor-element elementor-element-6dca287 elementor-widget elementor-widget-text-editor\" data-id=\"6dca287\" data-element_type=\"widget\" data-widget_type=\"text-editor.default\">\n\t\t\t\t<div class=\"elementor-widget-container\">\n\t\t\t\t\t\t\t\t\t<ol><li><b>Introduction<\/b><br \/>Thank you for visiting\u00a0<a href=\"https:\/\/ekronconsulting.com\/\">https:\/\/ekronconsulting.com<\/a>(&#8220;the Site&#8221;). This Privacy Policy is designed to inform you about the personal data we collect, how we use it, and your rights regarding that data.<br \/><br \/><\/li><li><b>What Personal Data We Collect<\/b><br \/>We collect minimal personal data. The only personal data we collect is the email address that you voluntarily provide to us when using the &#8220;Contact Us&#8221; feature of our website.<br \/><br \/><\/li><li><b>How We Use Your Personal Data<\/b><br \/>We use the email address you provide solely for the purpose of responding to your inquiries or sending communications you have requested.<br \/><br \/><\/li><\/ol><ol start=\"4\"><li><b>How We Protect Your Personal Data<\/b><br \/>The security of your data is important to us. While no online service can guarantee 100% security, we work diligently to protect your data from unauthorized access, use, alteration, or destruction and take appropriate measures to do so.<br \/><br \/><\/li><\/ol><ol start=\"5\"><li><b>Third-Party Links<\/b><br \/>Our Site may contain links to other websites not operated by us. We are not responsible for the content, privacy policies, or practices of third-party websites.<br \/><br \/><\/li><\/ol><ol start=\"6\"><li><b>Changes to This Privacy Policy<\/b><br \/>From time to time, we may update this Privacy Policy. We encourage you to review this Privacy Policy periodically to stay informed about how we protect the personal data we collect.<br \/><br \/><\/li><\/ol><ol start=\"7\"><li><b>Contact Information<\/b><br \/>For any concerns or questions about this Privacy Policy, please contact us at:<br \/><br \/><\/li><\/ol><ul style=\"font-weight: 400;\"><li>Address: 9021 Gy\u0151r, \u00c1rp\u00e1d \u00fat 21. 4. em. 21. (Hungary , Europe)<\/li><li>Email:\u00a0<a href=\"mailto:info@ekron.hu\">info@ekron.hu<\/a><\/li><li>Phone: +36 20 346 0742<\/li><\/ul>\t\t\t\t\t\t\t\t<\/div>\n\t\t\t\t<\/div>\n\t\t\t\t<div class=\"elementor-element elementor-element-9cbdb83 elementor-widget elementor-widget-spacer\" data-id=\"9cbdb83\" data-element_type=\"widget\" data-widget_type=\"spacer.default\">\n\t\t\t\t<div class=\"elementor-widget-container\">\n\t\t\t\t\t\t\t<div class=\"elementor-spacer\">\n\t\t\t<div class=\"elementor-spacer-inner\"><\/div>\n\t\t<\/div>\n\t\t\t\t\t\t<\/div>\n\t\t\t\t<\/div>\n\t\t\t\t\t<\/div>\n\t\t<\/div>\n\t\t\t\t\t<\/div>\n\t\t<\/section>\n\t\t\t\t<\/div>\n\t\t","protected":false},"excerpt":{"rendered":"<p>Privacy Policy IntroductionThank you for visiting\u00a0https:\/\/ekronconsulting.com(&#8220;the Site&#8221;). This Privacy Policy is designed to inform you about the personal data we collect, how we use it, and your rights regarding that data. What Personal Data We CollectWe collect minimal personal data. The only personal data we collect is the email address that you voluntarily provide to [&hellip;]<\/p>\n","protected":false},"author":1,"featured_media":0,"parent":0,"menu_order":0,"comment_status":"closed","ping_status":"closed","template":"","meta":{"footnotes":""},"class_list":["post-552","page","type-page","status-publish","hentry"],"_links":{"self":[{"href":"https:\/\/ekronconsulting.com\/index.php?rest_route=\/wp\/v2\/pages\/552","targetHints":{"allow":["GET"]}}],"collection":[{"href":"https:\/\/ekronconsulting.com\/index.php?rest_route=\/wp\/v2\/pages"}],"about":[{"href":"https:\/\/ekronconsulting.com\/index.php?rest_route=\/wp\/v2\/types\/page"}],"author":[{"embeddable":true,"href":"https:\/\/ekronconsulting.com\/index.php?rest_route=\/wp\/v2\/users\/1"}],"replies":[{"embeddable":true,"href":"https:\/\/ekronconsulting.com\/index.php?rest_route=%2Fwp%2Fv2%2Fcomments&post=552"}],"version-history":[{"count":0,"href":"https:\/\/ekronconsulting.com\/index.php?rest_route=\/wp\/v2\/pages\/552\/revisions"}],"wp:attachment":[{"href":"https:\/\/ekronconsulting.com\/index.php?rest_route=%2Fwp%2Fv2%2Fmedia&parent=552"}],"curies":[{"name":"wp","href":"https:\/\/api.w.org\/{rel}","templated":true}]}}